{"id":3809,"date":"2021-02-21T15:00:43","date_gmt":"2021-02-21T14:00:43","guid":{"rendered":"https:\/\/www.jschamberi.org\/blog\/?page_id=3809"},"modified":"2024-10-28T22:50:28","modified_gmt":"2024-10-28T21:50:28","slug":"inicio","status":"publish","type":"page","link":"https:\/\/www.jschamberi.org\/blog\/","title":{"rendered":"Inicio"},"content":{"rendered":"\t\t<div data-elementor-type=\"wp-page\" data-elementor-id=\"3809\" class=\"elementor elementor-3809\" data-elementor-settings=\"[]\">\n\t\t\t\t\t\t\t<div class=\"elementor-section-wrap\">\n\t\t\t\t\t\t\t<section class=\"elementor-section elementor-top-section elementor-element elementor-element-1cb3d6bf elementor-section-boxed elementor-section-height-default elementor-section-height-default\" data-id=\"1cb3d6bf\" data-element_type=\"section\">\n\t\t\t\t\t\t<div class=\"elementor-container elementor-column-gap-default\">\n\t\t\t\t\t<div class=\"elementor-column elementor-col-100 elementor-top-column elementor-element elementor-element-5f4be941\" data-id=\"5f4be941\" data-element_type=\"column\">\n\t\t\t<div class=\"elementor-widget-wrap elementor-element-populated\">\n\t\t\t\t\t\t\t\t<div class=\"elementor-element elementor-element-2dba3005 elementor-widget elementor-widget-text-editor\" data-id=\"2dba3005\" data-element_type=\"widget\" data-widget_type=\"text-editor.default\">\n\t\t\t\t<div class=\"elementor-widget-container\">\n\t\t\t\t\t<div class=\"elementor-text-editor elementor-clearfix\"><!-- wp:paragraph -->\n<p>Bienvenid@ a la p\u00e1gina web de las Juventudes Socialistas de Chamber\u00ed!<\/p>\n<!-- \/wp:paragraph --><!-- wp:paragraph -->\n<p>Somos una organizaci\u00f3n pol\u00edtica juvenil, un grupo de j\u00f3venes del distrito de Chamber\u00ed con ganas de mejorar la realidad social, convencidos de que no podemos quedarnos indiferentes y no alzar la voz ante las injusticias y las desigualdades de nuestro alrededor.<\/p>\n<!-- \/wp:paragraph --><!-- wp:paragraph -->\n<p>Somos j\u00f3venes como t\u00fa. J\u00f3venes implicados con la juventud madrile\u00f1a, y en especial, con el distrito de Chamber\u00ed. J\u00f3venes comprometidos en expandir, promover y trabajar por nuestras ideas y valores socialistas.<\/p>\n<!-- \/wp:paragraph --><!-- wp:paragraph -->\n<p>Esta p\u00e1gina web la utilizamos como una ventana a trav\u00e9s de la que damos difuci\u00f3n a nuestra actividad y trabajo, nuestras inquietudes, reivindicaciones y prop\u00f3sitos, qu\u00e9 hacemos y qu\u00e9 nos mueve. Y tambi\u00e9n, es un espacio destinado a la participaci\u00f3n, debate, reflexi\u00f3n y di\u00e1logo donde se reflejan las opiniones, pareceres y sentimientos de las y los militantes que integramos esta organizaci\u00f3n.<\/p>\n<!-- \/wp:paragraph --><!-- wp:buttons {\"align\":\"center\"} -->\n<div class=\"wp-block-buttons aligncenter\"><!-- wp:button {\"borderRadius\":2,\"style\":{\"color\":{\"text\":\"#ba0c49\"}},\"className\":\"is-style-outline\"} -->\n<div class=\"wp-block-button is-style-outline\"><a class=\"wp-block-button__link has-text-color\" style=\"border-radius: 2px; color: #ba0c49;\" href=\"https:\/\/www.jschamberi.org\/blog\/?page_id=3793\">Nosotros<\/a><\/div>\n<!-- \/wp:button --><!-- wp:button {\"borderRadius\":2,\"style\":{\"color\":{\"text\":\"#ba0c49\"}},\"className\":\"is-style-outline\"} -->\n<div class=\"wp-block-button is-style-outline\"><a class=\"wp-block-button__link has-text-color\" style=\"border-radius: 2px; color: #ba0c49;\" href=\"https:\/\/www.jschamberi.org\/blog\/?page_id=3786\">Af\u00edliate<\/a><\/div>\n<!-- \/wp:button --><!-- wp:button {\"borderRadius\":2,\"style\":{\"color\":{\"text\":\"#ba0c49\"}},\"className\":\"is-style-outline\"} -->\n<div class=\"wp-block-button is-style-outline\"><a class=\"wp-block-button__link has-text-color\" style=\"border-radius: 2px; color: #ba0c49;\" href=\"https:\/\/www.jschamberi.org\/blog\/?page_id=3804\">Calendario<\/a><\/div>\n<!-- \/wp:button --><!-- wp:button {\"borderRadius\":2,\"style\":{\"color\":{\"text\":\"#ba0c49\"}},\"className\":\"is-style-outline\"} -->\n<div class=\"wp-block-button is-style-outline\"><a class=\"wp-block-button__link has-text-color\" style=\"border-radius: 2px; color: #ba0c49;\">Actividad<\/a><\/div>\n<!-- \/wp:button --><!-- wp:button {\"borderRadius\":2,\"style\":{\"color\":{\"text\":\"#ba0c49\"}},\"className\":\"is-style-outline\"} -->\n<div class=\"wp-block-button is-style-outline\"><a class=\"wp-block-button__link has-text-color\" style=\"border-radius: 2px; color: #ba0c49;\" href=\"https:\/\/www.jschamberi.org\/blog\/?page_id=3815\">Documentos<\/a><\/div>\n<!-- \/wp:button --><!-- wp:button {\"borderRadius\":2,\"style\":{\"color\":{\"text\":\"#ba0c49\"}},\"className\":\"is-style-outline\"} -->\n<div class=\"wp-block-button is-style-outline\"><a class=\"wp-block-button__link has-text-color\" style=\"border-radius: 2px; color: #ba0c49;\" href=\"https:\/\/www.jschamberi.org\/blog\/?page_id=3807\">Contacto<\/a><\/div>\n<div>\u00a0<\/div>\n<!-- \/wp:button --><\/div>\n<!-- \/wp:buttons --><!-- wp:paragraph -->\n<p><strong>\u00daltimas Entradas<\/strong><\/p>\n<!-- \/wp:paragraph --><!-- wp:latest-posts \/--><!-- wp:paragraph -->\n<p>\u00a0<\/p>\n<!-- \/wp:paragraph --><\/div>\n\t\t\t\t<\/div>\n\t\t\t\t<\/div>\n\t\t\t\t\t<\/div>\n\t\t<\/div>\n\t\t\t\t\t\t\t<\/div>\n\t\t<\/section>\n\t\t\t\t\t\t<\/div>\n\t\t\t\t\t<\/div>\n\t\t","protected":false},"excerpt":{"rendered":"<p>Bienvenid@ a la p\u00e1gina web de las Juventudes Socialistas de Chamber\u00ed! Somos una organizaci\u00f3n pol\u00edtica juvenil, un grupo de j\u00f3venes del distrito de Chamber\u00ed con ganas de mejorar la realidad social, convencidos de que no podemos quedarnos indiferentes y no alzar la voz ante las injusticias y las desigualdades de nuestro alrededor. Somos j\u00f3venes como <a class=\"read-more\" href=\"https:\/\/www.jschamberi.org\/blog\/\">Leer m\u00e1s<\/a><\/p>\n","protected":false},"author":20,"featured_media":0,"parent":0,"menu_order":0,"comment_status":"closed","ping_status":"closed","template":"","meta":{"footnotes":""},"class_list":["post-3809","page","type-page","status-publish","hentry"],"yoast_head":"<!-- This site is optimized with the Yoast SEO plugin v23.7 - https:\/\/yoast.com\/wordpress\/plugins\/seo\/ -->\n<title>Inicio - Juventudes Socialistas de Chamber\u00ed<\/title>\n<meta name=\"robots\" content=\"index, follow, max-snippet:-1, max-image-preview:large, max-video-preview:-1\" \/>\n<link rel=\"canonical\" href=\"https:\/\/www.jschamberi.org\/blog\/\" \/>\n<meta property=\"og:locale\" content=\"es_ES\" \/>\n<meta property=\"og:type\" content=\"article\" \/>\n<meta property=\"og:title\" content=\"Inicio - Juventudes Socialistas de Chamber\u00ed\" \/>\n<meta property=\"og:description\" content=\"Bienvenid@ a la p\u00e1gina web de las Juventudes Socialistas de Chamber\u00ed! Somos una organizaci\u00f3n pol\u00edtica juvenil, un grupo de j\u00f3venes del distrito de Chamber\u00ed con ganas de mejorar la realidad social, convencidos de que no podemos quedarnos indiferentes y no alzar la voz ante las injusticias y las desigualdades de nuestro alrededor. Somos j\u00f3venes como Leer m\u00e1s\" \/>\n<meta property=\"og:url\" content=\"https:\/\/www.jschamberi.org\/blog\/\" \/>\n<meta property=\"og:site_name\" content=\"Juventudes Socialistas de Chamber\u00ed\" \/>\n<meta property=\"article:modified_time\" content=\"2024-10-28T21:50:28+00:00\" \/>\n<meta name=\"twitter:card\" content=\"summary_large_image\" \/>\n<meta name=\"twitter:label1\" content=\"Tiempo de lectura\" \/>\n\t<meta name=\"twitter:data1\" content=\"1 minuto\" \/>\n<script type=\"application\/ld+json\" class=\"yoast-schema-graph\">{\"@context\":\"https:\/\/schema.org\",\"@graph\":[{\"@type\":\"WebPage\",\"@id\":\"https:\/\/www.jschamberi.org\/blog\/\",\"url\":\"https:\/\/www.jschamberi.org\/blog\/\",\"name\":\"Inicio - Juventudes Socialistas de Chamber\u00ed\",\"isPartOf\":{\"@id\":\"https:\/\/www.jschamberi.org\/blog\/#website\"},\"datePublished\":\"2021-02-21T14:00:43+00:00\",\"dateModified\":\"2024-10-28T21:50:28+00:00\",\"breadcrumb\":{\"@id\":\"https:\/\/www.jschamberi.org\/blog\/#breadcrumb\"},\"inLanguage\":\"es\",\"potentialAction\":[{\"@type\":\"ReadAction\",\"target\":[\"https:\/\/www.jschamberi.org\/blog\/\"]}]},{\"@type\":\"BreadcrumbList\",\"@id\":\"https:\/\/www.jschamberi.org\/blog\/#breadcrumb\",\"itemListElement\":[{\"@type\":\"ListItem\",\"position\":1,\"name\":\"Home\",\"item\":\"https:\/\/www.jschamberi.org\/blog\/\"},{\"@type\":\"ListItem\",\"position\":2,\"name\":\"Inicio\"}]},{\"@type\":\"WebSite\",\"@id\":\"https:\/\/www.jschamberi.org\/blog\/#website\",\"url\":\"https:\/\/www.jschamberi.org\/blog\/\",\"name\":\"Juventudes Socialistas de Chamber\u00ed\",\"description\":\"\",\"potentialAction\":[{\"@type\":\"SearchAction\",\"target\":{\"@type\":\"EntryPoint\",\"urlTemplate\":\"https:\/\/www.jschamberi.org\/blog\/?s={search_term_string}\"},\"query-input\":{\"@type\":\"PropertyValueSpecification\",\"valueRequired\":true,\"valueName\":\"search_term_string\"}}],\"inLanguage\":\"es\"}]}<\/script>\n<!-- \/ Yoast SEO plugin. -->","yoast_head_json":{"title":"Inicio - Juventudes Socialistas de Chamber\u00ed","robots":{"index":"index","follow":"follow","max-snippet":"max-snippet:-1","max-image-preview":"max-image-preview:large","max-video-preview":"max-video-preview:-1"},"canonical":"https:\/\/www.jschamberi.org\/blog\/","og_locale":"es_ES","og_type":"article","og_title":"Inicio - Juventudes Socialistas de Chamber\u00ed","og_description":"Bienvenid@ a la p\u00e1gina web de las Juventudes Socialistas de Chamber\u00ed! Somos una organizaci\u00f3n pol\u00edtica juvenil, un grupo de j\u00f3venes del distrito de Chamber\u00ed con ganas de mejorar la realidad social, convencidos de que no podemos quedarnos indiferentes y no alzar la voz ante las injusticias y las desigualdades de nuestro alrededor. Somos j\u00f3venes como Leer m\u00e1s","og_url":"https:\/\/www.jschamberi.org\/blog\/","og_site_name":"Juventudes Socialistas de Chamber\u00ed","article_modified_time":"2024-10-28T21:50:28+00:00","twitter_card":"summary_large_image","twitter_misc":{"Tiempo de lectura":"1 minuto"},"schema":{"@context":"https:\/\/schema.org","@graph":[{"@type":"WebPage","@id":"https:\/\/www.jschamberi.org\/blog\/","url":"https:\/\/www.jschamberi.org\/blog\/","name":"Inicio - Juventudes Socialistas de Chamber\u00ed","isPartOf":{"@id":"https:\/\/www.jschamberi.org\/blog\/#website"},"datePublished":"2021-02-21T14:00:43+00:00","dateModified":"2024-10-28T21:50:28+00:00","breadcrumb":{"@id":"https:\/\/www.jschamberi.org\/blog\/#breadcrumb"},"inLanguage":"es","potentialAction":[{"@type":"ReadAction","target":["https:\/\/www.jschamberi.org\/blog\/"]}]},{"@type":"BreadcrumbList","@id":"https:\/\/www.jschamberi.org\/blog\/#breadcrumb","itemListElement":[{"@type":"ListItem","position":1,"name":"Home","item":"https:\/\/www.jschamberi.org\/blog\/"},{"@type":"ListItem","position":2,"name":"Inicio"}]},{"@type":"WebSite","@id":"https:\/\/www.jschamberi.org\/blog\/#website","url":"https:\/\/www.jschamberi.org\/blog\/","name":"Juventudes Socialistas de Chamber\u00ed","description":"","potentialAction":[{"@type":"SearchAction","target":{"@type":"EntryPoint","urlTemplate":"https:\/\/www.jschamberi.org\/blog\/?s={search_term_string}"},"query-input":{"@type":"PropertyValueSpecification","valueRequired":true,"valueName":"search_term_string"}}],"inLanguage":"es"}]}},"_links":{"self":[{"href":"https:\/\/www.jschamberi.org\/blog\/index.php?rest_route=\/wp\/v2\/pages\/3809"}],"collection":[{"href":"https:\/\/www.jschamberi.org\/blog\/index.php?rest_route=\/wp\/v2\/pages"}],"about":[{"href":"https:\/\/www.jschamberi.org\/blog\/index.php?rest_route=\/wp\/v2\/types\/page"}],"author":[{"embeddable":true,"href":"https:\/\/www.jschamberi.org\/blog\/index.php?rest_route=\/wp\/v2\/users\/20"}],"replies":[{"embeddable":true,"href":"https:\/\/www.jschamberi.org\/blog\/index.php?rest_route=%2Fwp%2Fv2%2Fcomments&post=3809"}],"version-history":[{"count":7,"href":"https:\/\/www.jschamberi.org\/blog\/index.php?rest_route=\/wp\/v2\/pages\/3809\/revisions"}],"predecessor-version":[{"id":3951,"href":"https:\/\/www.jschamberi.org\/blog\/index.php?rest_route=\/wp\/v2\/pages\/3809\/revisions\/3951"}],"wp:attachment":[{"href":"https:\/\/www.jschamberi.org\/blog\/index.php?rest_route=%2Fwp%2Fv2%2Fmedia&parent=3809"}],"curies":[{"name":"wp","href":"https:\/\/api.w.org\/{rel}","templated":true}]}}