{"id":3786,"date":"2021-02-21T14:05:21","date_gmt":"2021-02-21T13:05:21","guid":{"rendered":"https:\/\/www.jschamberi.org\/blog\/?page_id=3786"},"modified":"2021-02-21T14:15:37","modified_gmt":"2021-02-21T13:15:37","slug":"afiliate","status":"publish","type":"page","link":"https:\/\/www.jschamberi.org\/blog\/?page_id=3786","title":{"rendered":"Af\u00edliate"},"content":{"rendered":"\n<p><strong>\u00bfQu\u00e9 implica ser militante?<\/strong><\/p>\n\n\n\n<p>Cada persona gestiona su militancia de la manera que quiere.&nbsp;<strong>El grado de implicaci\u00f3n, y los temas en los que participar los decides t\u00fa<\/strong>. <\/p>\n\n\n\n<p>En JSCh&nbsp;<strong>tenemos como claro objetivo que nuestra militancia sea interesante, formativa y \u00fatil para la sociedad<\/strong>. Y siempre trabajamos para que cada uno tenga un espacio o \u00e1rea en el que sentirse c\u00f3modo aportando sus ideas y trabajo. \u00a1As\u00ed que te animamos a militar participativamente con nosotros!<\/p>\n\n\n\n<p>Por supuesto, todo militante de JSCh tiene los mismos&nbsp;<strong>derechos<\/strong>, participando en la elecci\u00f3n de nuestros representantes y siendo elegible, aprobando o no la gesti\u00f3n, enmendando documentos y ponencias, decidiendo en el d\u00eda a d\u00eda de la actividad de JSCh y siendo informado del funcionamiento de la organizaci\u00f3n.<\/p>\n\n\n\n<p><\/p>\n\n\n\n<p><strong>\u00bfC\u00f3mo afiliarse?<\/strong><\/p>\n\n\n\n<p>Si has decidido que quieres dar el paso y afiliarte a las Juvetnudes Socialistas de Espa\u00f1a, ahora puedes hacerlo de forma directa a trav\u00e9s de internet:<\/p>\n\n\n\n<ol class=\"wp-block-list\"><li>Accede a la web de JSE, en su selecci\u00f3n <a rel=\"noreferrer noopener\" href=\"https:\/\/www.jse.org\/afiliacion-online-jse\/\" data-type=\"URL\" data-id=\"https:\/\/www.jse.org\/afiliacion-online-jse\/\" target=\"_blank\">Af\u00edliate<\/a>.<\/li><li>Introduce los datos de Afiliaci\u00f3n de la siguiente forma:<ul><li>Federaci\u00f3n nacional \/ regional: <strong>MADRID<\/strong><\/li><li>Agrupaci\u00f3n provincial \/ comarcal \/ insular: <strong>MADRID<\/strong><\/li><li>Agrupaci\u00f3n local: <strong>CHAMBER\u00cd<\/strong><\/li><\/ul><\/li><li>Tipo de ficha: <strong>Alta<\/strong><\/li><li>Rellena tus datos personales. Recuerda que debes adjuntar una fotocopia de tu DNI (ambos lados), y a\u00f1adir un n\u00famero de cuenta bancaria. La cuota anual es de 12 euros.<\/li><li>Env\u00eda la solicitud completando todos los campos obligatorios.<\/li><li>En breve nos pondremos en contacto contigo para que podamos conocernos.<\/li><\/ol>\n\n\n\n<p>Si tienes cualquier duda puedes escribirnos a trav\u00e9s de Instagram,  Twitter o a<a href=\"mailto:jschamberi@gmail.com\">&nbsp;jschamberi@gmail.com<\/a><\/p>\n","protected":false},"excerpt":{"rendered":"<p>\u00bfQu\u00e9 implica ser militante? Cada persona gestiona su militancia de la manera que quiere.&nbsp;El grado de implicaci\u00f3n, y los temas en los que participar los decides t\u00fa. En JSCh&nbsp;tenemos como claro objetivo que nuestra militancia sea interesante, formativa y \u00fatil para la sociedad. Y siempre trabajamos para que cada uno tenga un espacio o \u00e1rea <a class=\"read-more\" href=\"https:\/\/www.jschamberi.org\/blog\/?page_id=3786\">Leer m\u00e1s<\/a><\/p>\n","protected":false},"author":20,"featured_media":0,"parent":0,"menu_order":0,"comment_status":"closed","ping_status":"closed","template":"","meta":{"footnotes":""},"class_list":["post-3786","page","type-page","status-publish","hentry"],"yoast_head":"<!-- This site is optimized with the Yoast SEO plugin v23.7 - https:\/\/yoast.com\/wordpress\/plugins\/seo\/ -->\n<title>Af\u00edliate - Juventudes Socialistas de Chamber\u00ed<\/title>\n<meta name=\"robots\" content=\"index, follow, max-snippet:-1, max-image-preview:large, max-video-preview:-1\" \/>\n<link rel=\"canonical\" href=\"https:\/\/www.jschamberi.org\/blog\/?page_id=3786\" \/>\n<meta property=\"og:locale\" content=\"es_ES\" \/>\n<meta property=\"og:type\" content=\"article\" \/>\n<meta property=\"og:title\" content=\"Af\u00edliate - Juventudes Socialistas de Chamber\u00ed\" \/>\n<meta property=\"og:description\" content=\"\u00bfQu\u00e9 implica ser militante? Cada persona gestiona su militancia de la manera que quiere.&nbsp;El grado de implicaci\u00f3n, y los temas en los que participar los decides t\u00fa. En JSCh&nbsp;tenemos como claro objetivo que nuestra militancia sea interesante, formativa y \u00fatil para la sociedad. Y siempre trabajamos para que cada uno tenga un espacio o \u00e1rea Leer m\u00e1s\" \/>\n<meta property=\"og:url\" content=\"https:\/\/www.jschamberi.org\/blog\/?page_id=3786\" \/>\n<meta property=\"og:site_name\" content=\"Juventudes Socialistas de Chamber\u00ed\" \/>\n<meta property=\"article:modified_time\" content=\"2021-02-21T13:15:37+00:00\" \/>\n<meta name=\"twitter:card\" content=\"summary_large_image\" \/>\n<meta name=\"twitter:label1\" content=\"Tiempo de lectura\" \/>\n\t<meta name=\"twitter:data1\" content=\"1 minuto\" \/>\n<script type=\"application\/ld+json\" class=\"yoast-schema-graph\">{\"@context\":\"https:\/\/schema.org\",\"@graph\":[{\"@type\":\"WebPage\",\"@id\":\"https:\/\/www.jschamberi.org\/blog\/?page_id=3786\",\"url\":\"https:\/\/www.jschamberi.org\/blog\/?page_id=3786\",\"name\":\"Af\u00edliate - Juventudes Socialistas de Chamber\u00ed\",\"isPartOf\":{\"@id\":\"https:\/\/www.jschamberi.org\/blog\/#website\"},\"datePublished\":\"2021-02-21T13:05:21+00:00\",\"dateModified\":\"2021-02-21T13:15:37+00:00\",\"breadcrumb\":{\"@id\":\"https:\/\/www.jschamberi.org\/blog\/?page_id=3786#breadcrumb\"},\"inLanguage\":\"es\",\"potentialAction\":[{\"@type\":\"ReadAction\",\"target\":[\"https:\/\/www.jschamberi.org\/blog\/?page_id=3786\"]}]},{\"@type\":\"BreadcrumbList\",\"@id\":\"https:\/\/www.jschamberi.org\/blog\/?page_id=3786#breadcrumb\",\"itemListElement\":[{\"@type\":\"ListItem\",\"position\":1,\"name\":\"Home\",\"item\":\"https:\/\/www.jschamberi.org\/blog\/\"},{\"@type\":\"ListItem\",\"position\":2,\"name\":\"Af\u00edliate\"}]},{\"@type\":\"WebSite\",\"@id\":\"https:\/\/www.jschamberi.org\/blog\/#website\",\"url\":\"https:\/\/www.jschamberi.org\/blog\/\",\"name\":\"Juventudes Socialistas de Chamber\u00ed\",\"description\":\"\",\"potentialAction\":[{\"@type\":\"SearchAction\",\"target\":{\"@type\":\"EntryPoint\",\"urlTemplate\":\"https:\/\/www.jschamberi.org\/blog\/?s={search_term_string}\"},\"query-input\":{\"@type\":\"PropertyValueSpecification\",\"valueRequired\":true,\"valueName\":\"search_term_string\"}}],\"inLanguage\":\"es\"}]}<\/script>\n<!-- \/ Yoast SEO plugin. -->","yoast_head_json":{"title":"Af\u00edliate - Juventudes Socialistas de Chamber\u00ed","robots":{"index":"index","follow":"follow","max-snippet":"max-snippet:-1","max-image-preview":"max-image-preview:large","max-video-preview":"max-video-preview:-1"},"canonical":"https:\/\/www.jschamberi.org\/blog\/?page_id=3786","og_locale":"es_ES","og_type":"article","og_title":"Af\u00edliate - Juventudes Socialistas de Chamber\u00ed","og_description":"\u00bfQu\u00e9 implica ser militante? Cada persona gestiona su militancia de la manera que quiere.&nbsp;El grado de implicaci\u00f3n, y los temas en los que participar los decides t\u00fa. En JSCh&nbsp;tenemos como claro objetivo que nuestra militancia sea interesante, formativa y \u00fatil para la sociedad. Y siempre trabajamos para que cada uno tenga un espacio o \u00e1rea Leer m\u00e1s","og_url":"https:\/\/www.jschamberi.org\/blog\/?page_id=3786","og_site_name":"Juventudes Socialistas de Chamber\u00ed","article_modified_time":"2021-02-21T13:15:37+00:00","twitter_card":"summary_large_image","twitter_misc":{"Tiempo de lectura":"1 minuto"},"schema":{"@context":"https:\/\/schema.org","@graph":[{"@type":"WebPage","@id":"https:\/\/www.jschamberi.org\/blog\/?page_id=3786","url":"https:\/\/www.jschamberi.org\/blog\/?page_id=3786","name":"Af\u00edliate - Juventudes Socialistas de Chamber\u00ed","isPartOf":{"@id":"https:\/\/www.jschamberi.org\/blog\/#website"},"datePublished":"2021-02-21T13:05:21+00:00","dateModified":"2021-02-21T13:15:37+00:00","breadcrumb":{"@id":"https:\/\/www.jschamberi.org\/blog\/?page_id=3786#breadcrumb"},"inLanguage":"es","potentialAction":[{"@type":"ReadAction","target":["https:\/\/www.jschamberi.org\/blog\/?page_id=3786"]}]},{"@type":"BreadcrumbList","@id":"https:\/\/www.jschamberi.org\/blog\/?page_id=3786#breadcrumb","itemListElement":[{"@type":"ListItem","position":1,"name":"Home","item":"https:\/\/www.jschamberi.org\/blog\/"},{"@type":"ListItem","position":2,"name":"Af\u00edliate"}]},{"@type":"WebSite","@id":"https:\/\/www.jschamberi.org\/blog\/#website","url":"https:\/\/www.jschamberi.org\/blog\/","name":"Juventudes Socialistas de Chamber\u00ed","description":"","potentialAction":[{"@type":"SearchAction","target":{"@type":"EntryPoint","urlTemplate":"https:\/\/www.jschamberi.org\/blog\/?s={search_term_string}"},"query-input":{"@type":"PropertyValueSpecification","valueRequired":true,"valueName":"search_term_string"}}],"inLanguage":"es"}]}},"_links":{"self":[{"href":"https:\/\/www.jschamberi.org\/blog\/index.php?rest_route=\/wp\/v2\/pages\/3786"}],"collection":[{"href":"https:\/\/www.jschamberi.org\/blog\/index.php?rest_route=\/wp\/v2\/pages"}],"about":[{"href":"https:\/\/www.jschamberi.org\/blog\/index.php?rest_route=\/wp\/v2\/types\/page"}],"author":[{"embeddable":true,"href":"https:\/\/www.jschamberi.org\/blog\/index.php?rest_route=\/wp\/v2\/users\/20"}],"replies":[{"embeddable":true,"href":"https:\/\/www.jschamberi.org\/blog\/index.php?rest_route=%2Fwp%2Fv2%2Fcomments&post=3786"}],"version-history":[{"count":4,"href":"https:\/\/www.jschamberi.org\/blog\/index.php?rest_route=\/wp\/v2\/pages\/3786\/revisions"}],"predecessor-version":[{"id":3791,"href":"https:\/\/www.jschamberi.org\/blog\/index.php?rest_route=\/wp\/v2\/pages\/3786\/revisions\/3791"}],"wp:attachment":[{"href":"https:\/\/www.jschamberi.org\/blog\/index.php?rest_route=%2Fwp%2Fv2%2Fmedia&parent=3786"}],"curies":[{"name":"wp","href":"https:\/\/api.w.org\/{rel}","templated":true}]}}